{"id":168,"date":"2025-01-28T10:39:33","date_gmt":"2025-01-28T09:39:33","guid":{"rendered":"https:\/\/www.jmrodriguez.org\/?page_id=168"},"modified":"2025-01-28T10:40:06","modified_gmt":"2025-01-28T09:40:06","slug":"roble-rojo-americano","status":"publish","type":"page","link":"https:\/\/www.jmrodriguez.org\/en\/roble-rojo-americano\/","title":{"rendered":"American Red Oak"},"content":{"rendered":"<p>-Origin: New York.<\/p>\n<p>-Humidity: 8-10%.<\/p>\n<p>-Thickness: 4\/4 to 12\/4 (from one to three inches).<\/p>\n<p>Widths:<\/p>\n<p>FAS Grade: 6 inches and up. Extra widths: 10 inches and up.<\/p>\n<p>COMSEL Grade: 4 inches and up.<\/p>\n<p>DESCRIPTION: The American red oak (Quercus rubra) is a large and beautiful tree native to North America. It is known for its hard wood and impressive foliage. The wood of the American red oak is dense, hard, and ranges in color from light to medium brown. It is highly valued in the manufacturing of furniture, flooring, and barrels for aging whiskey due to its strength and durability.<\/p>\n<div id='gallery-1' class='gallery galleryid-168 gallery-columns-3 gallery-size-full'><figure class='gallery-item'>\n\t\t\t<div class='gallery-icon landscape'>\n\t\t\t\t<a href='https:\/\/www.jmrodriguez.org\/wp-content\/uploads\/2025\/01\/1-2.jpg'><img loading=\"lazy\" decoding=\"async\" width=\"1800\" height=\"1600\" src=\"https:\/\/www.jmrodriguez.org\/wp-content\/uploads\/2025\/01\/1-2.jpg\" class=\"attachment-full size-full\" alt=\"\" srcset=\"https:\/\/www.jmrodriguez.org\/wp-content\/uploads\/2025\/01\/1-2.jpg 1800w, https:\/\/www.jmrodriguez.org\/wp-content\/uploads\/2025\/01\/1-2-300x267.jpg 300w, https:\/\/www.jmrodriguez.org\/wp-content\/uploads\/2025\/01\/1-2-1024x910.jpg 1024w, https:\/\/www.jmrodriguez.org\/wp-content\/uploads\/2025\/01\/1-2-768x683.jpg 768w, https:\/\/www.jmrodriguez.org\/wp-content\/uploads\/2025\/01\/1-2-1536x1365.jpg 1536w, https:\/\/www.jmrodriguez.org\/wp-content\/uploads\/2025\/01\/1-2-14x12.jpg 14w\" sizes=\"auto, (max-width: 1800px) 100vw, 1800px\" \/><\/a>\n\t\t\t<\/div><\/figure>\n\t\t<\/div>\n\n<p>&nbsp;<\/p>\n<p>&nbsp;<\/p>","protected":false},"excerpt":{"rendered":"<p>-Origen: Nueva York. -Humedad KD: 8-10%. -Medidas-gruesos: 4\/4 hasta 12\/4 (De una a tres pulgadas). Anchos: -Calidad FAS: 6 pulgadas arriba. Super ancho: 10 pulgadas arriba. -Calidad COMSEL: 4 pulgadas arriba. DESCRIPCI\u00d3N: El roble rojo americano (Quercus rubra) es un \u00e1rbol de gran tama\u00f1o y belleza, originario de Am\u00e9rica del Norte. Es conocido por su [&hellip;]<\/p>","protected":false},"author":1,"featured_media":0,"parent":0,"menu_order":0,"comment_status":"closed","ping_status":"closed","template":"","meta":{"footnotes":""},"class_list":["post-168","page","type-page","status-publish","hentry"],"yoast_head":"<!-- This site is optimized with the Yoast SEO plugin v24.3 - https:\/\/yoast.com\/wordpress\/plugins\/seo\/ -->\n<title>Roble rojo Americano - jmrodriguez.org<\/title>\n<meta name=\"robots\" content=\"index, follow, max-snippet:-1, max-image-preview:large, max-video-preview:-1\" \/>\n<link rel=\"canonical\" href=\"https:\/\/www.jmrodriguez.org\/en\/roble-rojo-americano\/\" \/>\n<meta property=\"og:locale\" content=\"en_US\" \/>\n<meta property=\"og:type\" content=\"article\" \/>\n<meta property=\"og:title\" content=\"Roble rojo Americano - jmrodriguez.org\" \/>\n<meta property=\"og:description\" content=\"-Origen: Nueva York. -Humedad KD: 8-10%. -Medidas-gruesos: 4\/4 hasta 12\/4 (De una a tres pulgadas). Anchos: -Calidad FAS: 6 pulgadas arriba. Super ancho: 10 pulgadas arriba. -Calidad COMSEL: 4 pulgadas arriba. DESCRIPCI\u00d3N: El roble rojo americano (Quercus rubra) es un \u00e1rbol de gran tama\u00f1o y belleza, originario de Am\u00e9rica del Norte. Es conocido por su [&hellip;]\" \/>\n<meta property=\"og:url\" content=\"https:\/\/www.jmrodriguez.org\/en\/roble-rojo-americano\/\" \/>\n<meta property=\"og:site_name\" content=\"jmrodriguez.org\" \/>\n<meta property=\"article:modified_time\" content=\"2025-01-28T09:40:06+00:00\" \/>\n<meta property=\"og:image\" content=\"https:\/\/www.jmrodriguez.org\/wp-content\/uploads\/2025\/01\/1-2.jpg\" \/>\n<meta name=\"twitter:card\" content=\"summary_large_image\" \/>\n<script type=\"application\/ld+json\" class=\"yoast-schema-graph\">{\"@context\":\"https:\/\/schema.org\",\"@graph\":[{\"@type\":\"WebPage\",\"@id\":\"https:\/\/www.jmrodriguez.org\/roble-rojo-americano\/\",\"url\":\"https:\/\/www.jmrodriguez.org\/roble-rojo-americano\/\",\"name\":\"Roble rojo Americano - jmrodriguez.org\",\"isPartOf\":{\"@id\":\"https:\/\/www.jmrodriguez.org\/#website\"},\"datePublished\":\"2025-01-28T09:39:33+00:00\",\"dateModified\":\"2025-01-28T09:40:06+00:00\",\"breadcrumb\":{\"@id\":\"https:\/\/www.jmrodriguez.org\/roble-rojo-americano\/#breadcrumb\"},\"inLanguage\":\"en-US\",\"potentialAction\":[{\"@type\":\"ReadAction\",\"target\":[\"https:\/\/www.jmrodriguez.org\/roble-rojo-americano\/\"]}]},{\"@type\":\"BreadcrumbList\",\"@id\":\"https:\/\/www.jmrodriguez.org\/roble-rojo-americano\/#breadcrumb\",\"itemListElement\":[{\"@type\":\"ListItem\",\"position\":1,\"name\":\"Portada\",\"item\":\"https:\/\/www.jmrodriguez.org\/\"},{\"@type\":\"ListItem\",\"position\":2,\"name\":\"Roble rojo Americano\"}]},{\"@type\":\"WebSite\",\"@id\":\"https:\/\/www.jmrodriguez.org\/#website\",\"url\":\"https:\/\/www.jmrodriguez.org\/\",\"name\":\"jmrodriguez.org\",\"description\":\"\",\"publisher\":{\"@id\":\"https:\/\/www.jmrodriguez.org\/#organization\"},\"potentialAction\":[{\"@type\":\"SearchAction\",\"target\":{\"@type\":\"EntryPoint\",\"urlTemplate\":\"https:\/\/www.jmrodriguez.org\/?s={search_term_string}\"},\"query-input\":{\"@type\":\"PropertyValueSpecification\",\"valueRequired\":true,\"valueName\":\"search_term_string\"}}],\"inLanguage\":\"en-US\"},{\"@type\":\"Organization\",\"@id\":\"https:\/\/www.jmrodriguez.org\/#organization\",\"name\":\"jmrodriguez.org\",\"url\":\"https:\/\/www.jmrodriguez.org\/\",\"logo\":{\"@type\":\"ImageObject\",\"inLanguage\":\"en-US\",\"@id\":\"https:\/\/www.jmrodriguez.org\/#\/schema\/logo\/image\/\",\"url\":\"https:\/\/www.jmrodriguez.org\/wp-content\/uploads\/2025\/01\/cropped-cropped-J.M.Rodriguez-Ferrer-e-Hijo-logo-1.jpg\",\"contentUrl\":\"https:\/\/www.jmrodriguez.org\/wp-content\/uploads\/2025\/01\/cropped-cropped-J.M.Rodriguez-Ferrer-e-Hijo-logo-1.jpg\",\"width\":431,\"height\":70,\"caption\":\"jmrodriguez.org\"},\"image\":{\"@id\":\"https:\/\/www.jmrodriguez.org\/#\/schema\/logo\/image\/\"}}]}<\/script>\n<!-- \/ Yoast SEO plugin. -->","yoast_head_json":{"title":"Roble rojo Americano - jmrodriguez.org","robots":{"index":"index","follow":"follow","max-snippet":"max-snippet:-1","max-image-preview":"max-image-preview:large","max-video-preview":"max-video-preview:-1"},"canonical":"https:\/\/www.jmrodriguez.org\/en\/roble-rojo-americano\/","og_locale":"en_US","og_type":"article","og_title":"Roble rojo Americano - jmrodriguez.org","og_description":"-Origen: Nueva York. -Humedad KD: 8-10%. -Medidas-gruesos: 4\/4 hasta 12\/4 (De una a tres pulgadas). Anchos: -Calidad FAS: 6 pulgadas arriba. Super ancho: 10 pulgadas arriba. -Calidad COMSEL: 4 pulgadas arriba. DESCRIPCI\u00d3N: El roble rojo americano (Quercus rubra) es un \u00e1rbol de gran tama\u00f1o y belleza, originario de Am\u00e9rica del Norte. Es conocido por su [&hellip;]","og_url":"https:\/\/www.jmrodriguez.org\/en\/roble-rojo-americano\/","og_site_name":"jmrodriguez.org","article_modified_time":"2025-01-28T09:40:06+00:00","og_image":[{"url":"https:\/\/www.jmrodriguez.org\/wp-content\/uploads\/2025\/01\/1-2.jpg","type":"","width":"","height":""}],"twitter_card":"summary_large_image","schema":{"@context":"https:\/\/schema.org","@graph":[{"@type":"WebPage","@id":"https:\/\/www.jmrodriguez.org\/roble-rojo-americano\/","url":"https:\/\/www.jmrodriguez.org\/roble-rojo-americano\/","name":"Roble rojo Americano - jmrodriguez.org","isPartOf":{"@id":"https:\/\/www.jmrodriguez.org\/#website"},"datePublished":"2025-01-28T09:39:33+00:00","dateModified":"2025-01-28T09:40:06+00:00","breadcrumb":{"@id":"https:\/\/www.jmrodriguez.org\/roble-rojo-americano\/#breadcrumb"},"inLanguage":"en-US","potentialAction":[{"@type":"ReadAction","target":["https:\/\/www.jmrodriguez.org\/roble-rojo-americano\/"]}]},{"@type":"BreadcrumbList","@id":"https:\/\/www.jmrodriguez.org\/roble-rojo-americano\/#breadcrumb","itemListElement":[{"@type":"ListItem","position":1,"name":"Portada","item":"https:\/\/www.jmrodriguez.org\/"},{"@type":"ListItem","position":2,"name":"Roble rojo Americano"}]},{"@type":"WebSite","@id":"https:\/\/www.jmrodriguez.org\/#website","url":"https:\/\/www.jmrodriguez.org\/","name":"jmrodriguez.org","description":"","publisher":{"@id":"https:\/\/www.jmrodriguez.org\/#organization"},"potentialAction":[{"@type":"SearchAction","target":{"@type":"EntryPoint","urlTemplate":"https:\/\/www.jmrodriguez.org\/?s={search_term_string}"},"query-input":{"@type":"PropertyValueSpecification","valueRequired":true,"valueName":"search_term_string"}}],"inLanguage":"en-US"},{"@type":"Organization","@id":"https:\/\/www.jmrodriguez.org\/#organization","name":"jmrodriguez.org","url":"https:\/\/www.jmrodriguez.org\/","logo":{"@type":"ImageObject","inLanguage":"en-US","@id":"https:\/\/www.jmrodriguez.org\/#\/schema\/logo\/image\/","url":"https:\/\/www.jmrodriguez.org\/wp-content\/uploads\/2025\/01\/cropped-cropped-J.M.Rodriguez-Ferrer-e-Hijo-logo-1.jpg","contentUrl":"https:\/\/www.jmrodriguez.org\/wp-content\/uploads\/2025\/01\/cropped-cropped-J.M.Rodriguez-Ferrer-e-Hijo-logo-1.jpg","width":431,"height":70,"caption":"jmrodriguez.org"},"image":{"@id":"https:\/\/www.jmrodriguez.org\/#\/schema\/logo\/image\/"}}]}},"_links":{"self":[{"href":"https:\/\/www.jmrodriguez.org\/en\/wp-json\/wp\/v2\/pages\/168","targetHints":{"allow":["GET"]}}],"collection":[{"href":"https:\/\/www.jmrodriguez.org\/en\/wp-json\/wp\/v2\/pages"}],"about":[{"href":"https:\/\/www.jmrodriguez.org\/en\/wp-json\/wp\/v2\/types\/page"}],"author":[{"embeddable":true,"href":"https:\/\/www.jmrodriguez.org\/en\/wp-json\/wp\/v2\/users\/1"}],"replies":[{"embeddable":true,"href":"https:\/\/www.jmrodriguez.org\/en\/wp-json\/wp\/v2\/comments?post=168"}],"version-history":[{"count":2,"href":"https:\/\/www.jmrodriguez.org\/en\/wp-json\/wp\/v2\/pages\/168\/revisions"}],"predecessor-version":[{"id":171,"href":"https:\/\/www.jmrodriguez.org\/en\/wp-json\/wp\/v2\/pages\/168\/revisions\/171"}],"wp:attachment":[{"href":"https:\/\/www.jmrodriguez.org\/en\/wp-json\/wp\/v2\/media?parent=168"}],"curies":[{"name":"wp","href":"https:\/\/api.w.org\/{rel}","templated":true}]}}