{"id":186,"date":"2025-01-28T11:03:42","date_gmt":"2025-01-28T10:03:42","guid":{"rendered":"https:\/\/www.jmrodriguez.org\/?page_id=186"},"modified":"2025-02-03T11:59:48","modified_gmt":"2025-02-03T10:59:48","slug":"haya-de-bosnia","status":"publish","type":"page","link":"https:\/\/www.jmrodriguez.org\/en\/haya-de-bosnia\/","title":{"rendered":"Beechwood from Bosnia"},"content":{"rendered":"<p>Natural Beechwood (white) or steamed.<\/p>\n<p>-Origin: Bosnia.<\/p>\n<p>-Humidity: AD 30%. KD 8-10%.<\/p>\n<p>-Thickness: 25-32-38-50-80 and 100 mm.<\/p>\n<p>-Widths: 15 cms and up allowing 10% from 10 up to 14 cms.<\/p>\n<p>DESCRIPTION: The Bosnian beech (Fagus sylvatica var. orientalis), also known as the oriental beech or simply beech, is a majestic tree native to southeastern Europe, particularly in the Balkans, Anatolia, the Caucasus, and parts of the Middle East. It is a subspecies of the common beech (Fagus sylvatica) and has some distinctive features. The wood of the Bosnian beech is hard, durable, and fine-grained, with a light color. It is widely used in the construction industry, as well as for manufacturing furniture, flooring, and wooden utensils. The wood is easy to work with and highly valued in carpentry and cabinetry.<\/p>\n<p>&nbsp;<\/p>\n<div id='gallery-1' class='gallery galleryid-186 gallery-columns-3 gallery-size-full'><figure class='gallery-item'>\n\t\t\t<div class='gallery-icon landscape'>\n\t\t\t\t<a href='https:\/\/www.jmrodriguez.org\/wp-content\/uploads\/2025\/01\/3.jpg'><img loading=\"lazy\" decoding=\"async\" width=\"1800\" height=\"1600\" src=\"https:\/\/www.jmrodriguez.org\/wp-content\/uploads\/2025\/01\/3.jpg\" class=\"attachment-full size-full\" alt=\"\" srcset=\"https:\/\/www.jmrodriguez.org\/wp-content\/uploads\/2025\/01\/3.jpg 1800w, https:\/\/www.jmrodriguez.org\/wp-content\/uploads\/2025\/01\/3-300x267.jpg 300w, https:\/\/www.jmrodriguez.org\/wp-content\/uploads\/2025\/01\/3-1024x910.jpg 1024w, https:\/\/www.jmrodriguez.org\/wp-content\/uploads\/2025\/01\/3-768x683.jpg 768w, https:\/\/www.jmrodriguez.org\/wp-content\/uploads\/2025\/01\/3-1536x1365.jpg 1536w, https:\/\/www.jmrodriguez.org\/wp-content\/uploads\/2025\/01\/3-14x12.jpg 14w\" sizes=\"auto, (max-width: 1800px) 100vw, 1800px\" \/><\/a>\n\t\t\t<\/div><\/figure><figure class='gallery-item'>\n\t\t\t<div class='gallery-icon landscape'>\n\t\t\t\t<a href='https:\/\/www.jmrodriguez.org\/wp-content\/uploads\/2025\/01\/1-5.jpg'><img loading=\"lazy\" decoding=\"async\" width=\"1800\" height=\"1600\" src=\"https:\/\/www.jmrodriguez.org\/wp-content\/uploads\/2025\/01\/1-5.jpg\" class=\"attachment-full size-full\" alt=\"\" srcset=\"https:\/\/www.jmrodriguez.org\/wp-content\/uploads\/2025\/01\/1-5.jpg 1800w, https:\/\/www.jmrodriguez.org\/wp-content\/uploads\/2025\/01\/1-5-300x267.jpg 300w, https:\/\/www.jmrodriguez.org\/wp-content\/uploads\/2025\/01\/1-5-1024x910.jpg 1024w, https:\/\/www.jmrodriguez.org\/wp-content\/uploads\/2025\/01\/1-5-768x683.jpg 768w, https:\/\/www.jmrodriguez.org\/wp-content\/uploads\/2025\/01\/1-5-1536x1365.jpg 1536w, https:\/\/www.jmrodriguez.org\/wp-content\/uploads\/2025\/01\/1-5-14x12.jpg 14w\" sizes=\"auto, (max-width: 1800px) 100vw, 1800px\" \/><\/a>\n\t\t\t<\/div><\/figure>\n\t\t<\/div>\n\n<p>&nbsp;<\/p>","protected":false},"excerpt":{"rendered":"<p>Haya Natural (blanca) o Vaporizada. -Origen: Bosnia. -Humedad: AD al 30%. KD al 8-10%. -Gruesos: 25-32-38-50-70-80 y 100 mm. -Anchos: 15 cms arriba permitiendo m\u00e1ximo 10% de 10 a 14 cms. DESCRIPCI\u00d3N: La haya de Bosnia (Fagus sylvatica var. orientalis), tambi\u00e9n conocida como haya oriental o simplemente haya, es un \u00e1rbol majestuoso originario de Europa [&hellip;]<\/p>","protected":false},"author":1,"featured_media":0,"parent":0,"menu_order":0,"comment_status":"closed","ping_status":"closed","template":"","meta":{"footnotes":""},"class_list":["post-186","page","type-page","status-publish","hentry"],"yoast_head":"<!-- This site is optimized with the Yoast SEO plugin v24.3 - https:\/\/yoast.com\/wordpress\/plugins\/seo\/ -->\n<title>Haya de Bosnia - jmrodriguez.org<\/title>\n<meta name=\"robots\" content=\"index, follow, max-snippet:-1, max-image-preview:large, max-video-preview:-1\" \/>\n<link rel=\"canonical\" href=\"https:\/\/www.jmrodriguez.org\/en\/haya-de-bosnia\/\" \/>\n<meta property=\"og:locale\" content=\"en_US\" \/>\n<meta property=\"og:type\" content=\"article\" \/>\n<meta property=\"og:title\" content=\"Haya de Bosnia - jmrodriguez.org\" \/>\n<meta property=\"og:description\" content=\"Haya Natural (blanca) o Vaporizada. -Origen: Bosnia. -Humedad: AD al 30%. KD al 8-10%. -Gruesos: 25-32-38-50-70-80 y 100 mm. -Anchos: 15 cms arriba permitiendo m\u00e1ximo 10% de 10 a 14 cms. DESCRIPCI\u00d3N: La haya de Bosnia (Fagus sylvatica var. orientalis), tambi\u00e9n conocida como haya oriental o simplemente haya, es un \u00e1rbol majestuoso originario de Europa [&hellip;]\" \/>\n<meta property=\"og:url\" content=\"https:\/\/www.jmrodriguez.org\/en\/haya-de-bosnia\/\" \/>\n<meta property=\"og:site_name\" content=\"jmrodriguez.org\" \/>\n<meta property=\"article:modified_time\" content=\"2025-02-03T10:59:48+00:00\" \/>\n<meta property=\"og:image\" content=\"https:\/\/www.jmrodriguez.org\/wp-content\/uploads\/2025\/01\/3.jpg\" \/>\n<meta name=\"twitter:card\" content=\"summary_large_image\" \/>\n<meta name=\"twitter:label1\" content=\"Est. reading time\" \/>\n\t<meta name=\"twitter:data1\" content=\"1 minute\" \/>\n<script type=\"application\/ld+json\" class=\"yoast-schema-graph\">{\"@context\":\"https:\/\/schema.org\",\"@graph\":[{\"@type\":\"WebPage\",\"@id\":\"https:\/\/www.jmrodriguez.org\/haya-de-bosnia\/\",\"url\":\"https:\/\/www.jmrodriguez.org\/haya-de-bosnia\/\",\"name\":\"Haya de Bosnia - jmrodriguez.org\",\"isPartOf\":{\"@id\":\"https:\/\/www.jmrodriguez.org\/#website\"},\"datePublished\":\"2025-01-28T10:03:42+00:00\",\"dateModified\":\"2025-02-03T10:59:48+00:00\",\"breadcrumb\":{\"@id\":\"https:\/\/www.jmrodriguez.org\/haya-de-bosnia\/#breadcrumb\"},\"inLanguage\":\"en-US\",\"potentialAction\":[{\"@type\":\"ReadAction\",\"target\":[\"https:\/\/www.jmrodriguez.org\/haya-de-bosnia\/\"]}]},{\"@type\":\"BreadcrumbList\",\"@id\":\"https:\/\/www.jmrodriguez.org\/haya-de-bosnia\/#breadcrumb\",\"itemListElement\":[{\"@type\":\"ListItem\",\"position\":1,\"name\":\"Portada\",\"item\":\"https:\/\/www.jmrodriguez.org\/\"},{\"@type\":\"ListItem\",\"position\":2,\"name\":\"Haya de Bosnia\"}]},{\"@type\":\"WebSite\",\"@id\":\"https:\/\/www.jmrodriguez.org\/#website\",\"url\":\"https:\/\/www.jmrodriguez.org\/\",\"name\":\"jmrodriguez.org\",\"description\":\"\",\"publisher\":{\"@id\":\"https:\/\/www.jmrodriguez.org\/#organization\"},\"potentialAction\":[{\"@type\":\"SearchAction\",\"target\":{\"@type\":\"EntryPoint\",\"urlTemplate\":\"https:\/\/www.jmrodriguez.org\/?s={search_term_string}\"},\"query-input\":{\"@type\":\"PropertyValueSpecification\",\"valueRequired\":true,\"valueName\":\"search_term_string\"}}],\"inLanguage\":\"en-US\"},{\"@type\":\"Organization\",\"@id\":\"https:\/\/www.jmrodriguez.org\/#organization\",\"name\":\"jmrodriguez.org\",\"url\":\"https:\/\/www.jmrodriguez.org\/\",\"logo\":{\"@type\":\"ImageObject\",\"inLanguage\":\"en-US\",\"@id\":\"https:\/\/www.jmrodriguez.org\/#\/schema\/logo\/image\/\",\"url\":\"https:\/\/www.jmrodriguez.org\/wp-content\/uploads\/2025\/01\/cropped-cropped-J.M.Rodriguez-Ferrer-e-Hijo-logo-1.jpg\",\"contentUrl\":\"https:\/\/www.jmrodriguez.org\/wp-content\/uploads\/2025\/01\/cropped-cropped-J.M.Rodriguez-Ferrer-e-Hijo-logo-1.jpg\",\"width\":431,\"height\":70,\"caption\":\"jmrodriguez.org\"},\"image\":{\"@id\":\"https:\/\/www.jmrodriguez.org\/#\/schema\/logo\/image\/\"}}]}<\/script>\n<!-- \/ Yoast SEO plugin. -->","yoast_head_json":{"title":"Haya de Bosnia - jmrodriguez.org","robots":{"index":"index","follow":"follow","max-snippet":"max-snippet:-1","max-image-preview":"max-image-preview:large","max-video-preview":"max-video-preview:-1"},"canonical":"https:\/\/www.jmrodriguez.org\/en\/haya-de-bosnia\/","og_locale":"en_US","og_type":"article","og_title":"Haya de Bosnia - jmrodriguez.org","og_description":"Haya Natural (blanca) o Vaporizada. -Origen: Bosnia. -Humedad: AD al 30%. KD al 8-10%. -Gruesos: 25-32-38-50-70-80 y 100 mm. -Anchos: 15 cms arriba permitiendo m\u00e1ximo 10% de 10 a 14 cms. DESCRIPCI\u00d3N: La haya de Bosnia (Fagus sylvatica var. orientalis), tambi\u00e9n conocida como haya oriental o simplemente haya, es un \u00e1rbol majestuoso originario de Europa [&hellip;]","og_url":"https:\/\/www.jmrodriguez.org\/en\/haya-de-bosnia\/","og_site_name":"jmrodriguez.org","article_modified_time":"2025-02-03T10:59:48+00:00","og_image":[{"url":"https:\/\/www.jmrodriguez.org\/wp-content\/uploads\/2025\/01\/3.jpg","type":"","width":"","height":""}],"twitter_card":"summary_large_image","twitter_misc":{"Est. reading time":"1 minute"},"schema":{"@context":"https:\/\/schema.org","@graph":[{"@type":"WebPage","@id":"https:\/\/www.jmrodriguez.org\/haya-de-bosnia\/","url":"https:\/\/www.jmrodriguez.org\/haya-de-bosnia\/","name":"Haya de Bosnia - jmrodriguez.org","isPartOf":{"@id":"https:\/\/www.jmrodriguez.org\/#website"},"datePublished":"2025-01-28T10:03:42+00:00","dateModified":"2025-02-03T10:59:48+00:00","breadcrumb":{"@id":"https:\/\/www.jmrodriguez.org\/haya-de-bosnia\/#breadcrumb"},"inLanguage":"en-US","potentialAction":[{"@type":"ReadAction","target":["https:\/\/www.jmrodriguez.org\/haya-de-bosnia\/"]}]},{"@type":"BreadcrumbList","@id":"https:\/\/www.jmrodriguez.org\/haya-de-bosnia\/#breadcrumb","itemListElement":[{"@type":"ListItem","position":1,"name":"Portada","item":"https:\/\/www.jmrodriguez.org\/"},{"@type":"ListItem","position":2,"name":"Haya de Bosnia"}]},{"@type":"WebSite","@id":"https:\/\/www.jmrodriguez.org\/#website","url":"https:\/\/www.jmrodriguez.org\/","name":"jmrodriguez.org","description":"","publisher":{"@id":"https:\/\/www.jmrodriguez.org\/#organization"},"potentialAction":[{"@type":"SearchAction","target":{"@type":"EntryPoint","urlTemplate":"https:\/\/www.jmrodriguez.org\/?s={search_term_string}"},"query-input":{"@type":"PropertyValueSpecification","valueRequired":true,"valueName":"search_term_string"}}],"inLanguage":"en-US"},{"@type":"Organization","@id":"https:\/\/www.jmrodriguez.org\/#organization","name":"jmrodriguez.org","url":"https:\/\/www.jmrodriguez.org\/","logo":{"@type":"ImageObject","inLanguage":"en-US","@id":"https:\/\/www.jmrodriguez.org\/#\/schema\/logo\/image\/","url":"https:\/\/www.jmrodriguez.org\/wp-content\/uploads\/2025\/01\/cropped-cropped-J.M.Rodriguez-Ferrer-e-Hijo-logo-1.jpg","contentUrl":"https:\/\/www.jmrodriguez.org\/wp-content\/uploads\/2025\/01\/cropped-cropped-J.M.Rodriguez-Ferrer-e-Hijo-logo-1.jpg","width":431,"height":70,"caption":"jmrodriguez.org"},"image":{"@id":"https:\/\/www.jmrodriguez.org\/#\/schema\/logo\/image\/"}}]}},"_links":{"self":[{"href":"https:\/\/www.jmrodriguez.org\/en\/wp-json\/wp\/v2\/pages\/186","targetHints":{"allow":["GET"]}}],"collection":[{"href":"https:\/\/www.jmrodriguez.org\/en\/wp-json\/wp\/v2\/pages"}],"about":[{"href":"https:\/\/www.jmrodriguez.org\/en\/wp-json\/wp\/v2\/types\/page"}],"author":[{"embeddable":true,"href":"https:\/\/www.jmrodriguez.org\/en\/wp-json\/wp\/v2\/users\/1"}],"replies":[{"embeddable":true,"href":"https:\/\/www.jmrodriguez.org\/en\/wp-json\/wp\/v2\/comments?post=186"}],"version-history":[{"count":3,"href":"https:\/\/www.jmrodriguez.org\/en\/wp-json\/wp\/v2\/pages\/186\/revisions"}],"predecessor-version":[{"id":271,"href":"https:\/\/www.jmrodriguez.org\/en\/wp-json\/wp\/v2\/pages\/186\/revisions\/271"}],"wp:attachment":[{"href":"https:\/\/www.jmrodriguez.org\/en\/wp-json\/wp\/v2\/media?parent=186"}],"curies":[{"name":"wp","href":"https:\/\/api.w.org\/{rel}","templated":true}]}}