{"id":229,"date":"2025-02-03T10:51:15","date_gmt":"2025-02-03T09:51:15","guid":{"rendered":"https:\/\/www.jmrodriguez.org\/?page_id=229"},"modified":"2025-02-03T12:03:08","modified_gmt":"2025-02-03T11:03:08","slug":"abeto","status":"publish","type":"page","link":"https:\/\/www.jmrodriguez.org\/en\/abeto\/","title":{"rendered":"European Whitewood"},"content":{"rendered":"<p>-Origin: Croatia.<\/p>\n<p>-Humidity: 8-10%.<\/p>\n<p>-Grades: Clean wood.<\/p>\n<p>-Thickness: 25-38-50 and 75 mm.<\/p>\n<p>-Widths: from 100 till 250 mm.<\/p>\n<p>-Lengths: from 2 mts till 5 mts (increments of 50 cms).<\/p>\n<p class=\"translation-block\">DESCRIPTION: Croatian spruce wood is light yet strong, making it a popular choice in construction. It is used for roof structures, beams, frames, columns, and interior cladding. Its straight and uniform grain makes cutting and working with it easier. Due to its fine texture and workability, it is also suitable for producing furniture, cabinets, and interior decorative elements.<\/p>\n<p>&nbsp;<\/p>\n<div id='gallery-1' class='gallery galleryid-229 gallery-columns-3 gallery-size-full'><figure class='gallery-item'>\n\t\t\t<div class='gallery-icon landscape'>\n\t\t\t\t<a href='https:\/\/www.jmrodriguez.org\/wp-content\/uploads\/2025\/02\/Abeto-limpio-25-x-100-mm.jpeg'><img loading=\"lazy\" decoding=\"async\" width=\"1800\" height=\"1600\" src=\"https:\/\/www.jmrodriguez.org\/wp-content\/uploads\/2025\/02\/Abeto-limpio-25-x-100-mm.jpeg\" class=\"attachment-full size-full\" alt=\"\" srcset=\"https:\/\/www.jmrodriguez.org\/wp-content\/uploads\/2025\/02\/Abeto-limpio-25-x-100-mm.jpeg 1800w, https:\/\/www.jmrodriguez.org\/wp-content\/uploads\/2025\/02\/Abeto-limpio-25-x-100-mm-300x267.jpeg 300w, https:\/\/www.jmrodriguez.org\/wp-content\/uploads\/2025\/02\/Abeto-limpio-25-x-100-mm-1024x910.jpeg 1024w, https:\/\/www.jmrodriguez.org\/wp-content\/uploads\/2025\/02\/Abeto-limpio-25-x-100-mm-768x683.jpeg 768w, https:\/\/www.jmrodriguez.org\/wp-content\/uploads\/2025\/02\/Abeto-limpio-25-x-100-mm-1536x1365.jpeg 1536w, https:\/\/www.jmrodriguez.org\/wp-content\/uploads\/2025\/02\/Abeto-limpio-25-x-100-mm-14x12.jpeg 14w\" sizes=\"auto, (max-width: 1800px) 100vw, 1800px\" \/><\/a>\n\t\t\t<\/div><\/figure><figure class='gallery-item'>\n\t\t\t<div class='gallery-icon landscape'>\n\t\t\t\t<a href='https:\/\/www.jmrodriguez.org\/wp-content\/uploads\/2025\/02\/4.jpg'><img loading=\"lazy\" decoding=\"async\" width=\"1800\" height=\"1600\" src=\"https:\/\/www.jmrodriguez.org\/wp-content\/uploads\/2025\/02\/4.jpg\" class=\"attachment-full size-full\" alt=\"\" srcset=\"https:\/\/www.jmrodriguez.org\/wp-content\/uploads\/2025\/02\/4.jpg 1800w, https:\/\/www.jmrodriguez.org\/wp-content\/uploads\/2025\/02\/4-300x267.jpg 300w, https:\/\/www.jmrodriguez.org\/wp-content\/uploads\/2025\/02\/4-1024x910.jpg 1024w, https:\/\/www.jmrodriguez.org\/wp-content\/uploads\/2025\/02\/4-768x683.jpg 768w, https:\/\/www.jmrodriguez.org\/wp-content\/uploads\/2025\/02\/4-1536x1365.jpg 1536w, https:\/\/www.jmrodriguez.org\/wp-content\/uploads\/2025\/02\/4-14x12.jpg 14w\" sizes=\"auto, (max-width: 1800px) 100vw, 1800px\" \/><\/a>\n\t\t\t<\/div><\/figure><figure class='gallery-item'>\n\t\t\t<div class='gallery-icon landscape'>\n\t\t\t\t<a href='https:\/\/www.jmrodriguez.org\/wp-content\/uploads\/2025\/02\/3-3.jpg'><img loading=\"lazy\" decoding=\"async\" width=\"1800\" height=\"1600\" src=\"https:\/\/www.jmrodriguez.org\/wp-content\/uploads\/2025\/02\/3-3.jpg\" class=\"attachment-full size-full\" alt=\"\" srcset=\"https:\/\/www.jmrodriguez.org\/wp-content\/uploads\/2025\/02\/3-3.jpg 1800w, https:\/\/www.jmrodriguez.org\/wp-content\/uploads\/2025\/02\/3-3-300x267.jpg 300w, https:\/\/www.jmrodriguez.org\/wp-content\/uploads\/2025\/02\/3-3-1024x910.jpg 1024w, https:\/\/www.jmrodriguez.org\/wp-content\/uploads\/2025\/02\/3-3-768x683.jpg 768w, https:\/\/www.jmrodriguez.org\/wp-content\/uploads\/2025\/02\/3-3-1536x1365.jpg 1536w, https:\/\/www.jmrodriguez.org\/wp-content\/uploads\/2025\/02\/3-3-14x12.jpg 14w\" sizes=\"auto, (max-width: 1800px) 100vw, 1800px\" \/><\/a>\n\t\t\t<\/div><\/figure>\n\t\t<\/div>\n\n<p>&nbsp;<\/p>","protected":false},"excerpt":{"rendered":"<p>-Origen: Croacia. -Humedad KD 8-10%. -Calidades: Madera limpia. -Gruesos: 25-38-50 y 75 mm. -Anchos: de 100 a 250 mm. -Largos: de 2 mts a 5 mts (incrementos de 50 cms). DESCRIPCI\u00d3N: La madera del abeto de Croacia es ligera, pero resistente, lo que la convierte en una opci\u00f3n popular en la construcci\u00f3n. Se utiliza para [&hellip;]<\/p>","protected":false},"author":1,"featured_media":0,"parent":0,"menu_order":0,"comment_status":"closed","ping_status":"closed","template":"","meta":{"footnotes":""},"class_list":["post-229","page","type-page","status-publish","hentry"],"yoast_head":"<!-- This site is optimized with the Yoast SEO plugin v24.3 - https:\/\/yoast.com\/wordpress\/plugins\/seo\/ -->\n<title>Abeto Europeo - jmrodriguez.org<\/title>\n<meta name=\"robots\" content=\"index, follow, max-snippet:-1, max-image-preview:large, max-video-preview:-1\" \/>\n<link rel=\"canonical\" href=\"https:\/\/www.jmrodriguez.org\/en\/abeto\/\" \/>\n<meta property=\"og:locale\" content=\"en_US\" \/>\n<meta property=\"og:type\" content=\"article\" \/>\n<meta property=\"og:title\" content=\"Abeto Europeo - jmrodriguez.org\" \/>\n<meta property=\"og:description\" content=\"-Origen: Croacia. -Humedad KD 8-10%. -Calidades: Madera limpia. -Gruesos: 25-38-50 y 75 mm. -Anchos: de 100 a 250 mm. -Largos: de 2 mts a 5 mts (incrementos de 50 cms). DESCRIPCI\u00d3N: La madera del abeto de Croacia es ligera, pero resistente, lo que la convierte en una opci\u00f3n popular en la construcci\u00f3n. Se utiliza para [&hellip;]\" \/>\n<meta property=\"og:url\" content=\"https:\/\/www.jmrodriguez.org\/en\/abeto\/\" \/>\n<meta property=\"og:site_name\" content=\"jmrodriguez.org\" \/>\n<meta property=\"article:modified_time\" content=\"2025-02-03T11:03:08+00:00\" \/>\n<meta property=\"og:image\" content=\"https:\/\/www.jmrodriguez.org\/wp-content\/uploads\/2025\/02\/Abeto-limpio-25-x-100-mm.jpeg\" \/>\n<meta name=\"twitter:card\" content=\"summary_large_image\" \/>\n<script type=\"application\/ld+json\" class=\"yoast-schema-graph\">{\"@context\":\"https:\/\/schema.org\",\"@graph\":[{\"@type\":\"WebPage\",\"@id\":\"https:\/\/www.jmrodriguez.org\/abeto\/\",\"url\":\"https:\/\/www.jmrodriguez.org\/abeto\/\",\"name\":\"Abeto Europeo - jmrodriguez.org\",\"isPartOf\":{\"@id\":\"https:\/\/www.jmrodriguez.org\/#website\"},\"datePublished\":\"2025-02-03T09:51:15+00:00\",\"dateModified\":\"2025-02-03T11:03:08+00:00\",\"breadcrumb\":{\"@id\":\"https:\/\/www.jmrodriguez.org\/abeto\/#breadcrumb\"},\"inLanguage\":\"en-US\",\"potentialAction\":[{\"@type\":\"ReadAction\",\"target\":[\"https:\/\/www.jmrodriguez.org\/abeto\/\"]}]},{\"@type\":\"BreadcrumbList\",\"@id\":\"https:\/\/www.jmrodriguez.org\/abeto\/#breadcrumb\",\"itemListElement\":[{\"@type\":\"ListItem\",\"position\":1,\"name\":\"Portada\",\"item\":\"https:\/\/www.jmrodriguez.org\/\"},{\"@type\":\"ListItem\",\"position\":2,\"name\":\"Abeto Europeo\"}]},{\"@type\":\"WebSite\",\"@id\":\"https:\/\/www.jmrodriguez.org\/#website\",\"url\":\"https:\/\/www.jmrodriguez.org\/\",\"name\":\"jmrodriguez.org\",\"description\":\"\",\"publisher\":{\"@id\":\"https:\/\/www.jmrodriguez.org\/#organization\"},\"potentialAction\":[{\"@type\":\"SearchAction\",\"target\":{\"@type\":\"EntryPoint\",\"urlTemplate\":\"https:\/\/www.jmrodriguez.org\/?s={search_term_string}\"},\"query-input\":{\"@type\":\"PropertyValueSpecification\",\"valueRequired\":true,\"valueName\":\"search_term_string\"}}],\"inLanguage\":\"en-US\"},{\"@type\":\"Organization\",\"@id\":\"https:\/\/www.jmrodriguez.org\/#organization\",\"name\":\"jmrodriguez.org\",\"url\":\"https:\/\/www.jmrodriguez.org\/\",\"logo\":{\"@type\":\"ImageObject\",\"inLanguage\":\"en-US\",\"@id\":\"https:\/\/www.jmrodriguez.org\/#\/schema\/logo\/image\/\",\"url\":\"https:\/\/www.jmrodriguez.org\/wp-content\/uploads\/2025\/01\/cropped-cropped-J.M.Rodriguez-Ferrer-e-Hijo-logo-1.jpg\",\"contentUrl\":\"https:\/\/www.jmrodriguez.org\/wp-content\/uploads\/2025\/01\/cropped-cropped-J.M.Rodriguez-Ferrer-e-Hijo-logo-1.jpg\",\"width\":431,\"height\":70,\"caption\":\"jmrodriguez.org\"},\"image\":{\"@id\":\"https:\/\/www.jmrodriguez.org\/#\/schema\/logo\/image\/\"}}]}<\/script>\n<!-- \/ Yoast SEO plugin. -->","yoast_head_json":{"title":"Abeto Europeo - jmrodriguez.org","robots":{"index":"index","follow":"follow","max-snippet":"max-snippet:-1","max-image-preview":"max-image-preview:large","max-video-preview":"max-video-preview:-1"},"canonical":"https:\/\/www.jmrodriguez.org\/en\/abeto\/","og_locale":"en_US","og_type":"article","og_title":"Abeto Europeo - jmrodriguez.org","og_description":"-Origen: Croacia. -Humedad KD 8-10%. -Calidades: Madera limpia. -Gruesos: 25-38-50 y 75 mm. -Anchos: de 100 a 250 mm. -Largos: de 2 mts a 5 mts (incrementos de 50 cms). DESCRIPCI\u00d3N: La madera del abeto de Croacia es ligera, pero resistente, lo que la convierte en una opci\u00f3n popular en la construcci\u00f3n. Se utiliza para [&hellip;]","og_url":"https:\/\/www.jmrodriguez.org\/en\/abeto\/","og_site_name":"jmrodriguez.org","article_modified_time":"2025-02-03T11:03:08+00:00","og_image":[{"url":"https:\/\/www.jmrodriguez.org\/wp-content\/uploads\/2025\/02\/Abeto-limpio-25-x-100-mm.jpeg","type":"","width":"","height":""}],"twitter_card":"summary_large_image","schema":{"@context":"https:\/\/schema.org","@graph":[{"@type":"WebPage","@id":"https:\/\/www.jmrodriguez.org\/abeto\/","url":"https:\/\/www.jmrodriguez.org\/abeto\/","name":"Abeto Europeo - jmrodriguez.org","isPartOf":{"@id":"https:\/\/www.jmrodriguez.org\/#website"},"datePublished":"2025-02-03T09:51:15+00:00","dateModified":"2025-02-03T11:03:08+00:00","breadcrumb":{"@id":"https:\/\/www.jmrodriguez.org\/abeto\/#breadcrumb"},"inLanguage":"en-US","potentialAction":[{"@type":"ReadAction","target":["https:\/\/www.jmrodriguez.org\/abeto\/"]}]},{"@type":"BreadcrumbList","@id":"https:\/\/www.jmrodriguez.org\/abeto\/#breadcrumb","itemListElement":[{"@type":"ListItem","position":1,"name":"Portada","item":"https:\/\/www.jmrodriguez.org\/"},{"@type":"ListItem","position":2,"name":"Abeto Europeo"}]},{"@type":"WebSite","@id":"https:\/\/www.jmrodriguez.org\/#website","url":"https:\/\/www.jmrodriguez.org\/","name":"jmrodriguez.org","description":"","publisher":{"@id":"https:\/\/www.jmrodriguez.org\/#organization"},"potentialAction":[{"@type":"SearchAction","target":{"@type":"EntryPoint","urlTemplate":"https:\/\/www.jmrodriguez.org\/?s={search_term_string}"},"query-input":{"@type":"PropertyValueSpecification","valueRequired":true,"valueName":"search_term_string"}}],"inLanguage":"en-US"},{"@type":"Organization","@id":"https:\/\/www.jmrodriguez.org\/#organization","name":"jmrodriguez.org","url":"https:\/\/www.jmrodriguez.org\/","logo":{"@type":"ImageObject","inLanguage":"en-US","@id":"https:\/\/www.jmrodriguez.org\/#\/schema\/logo\/image\/","url":"https:\/\/www.jmrodriguez.org\/wp-content\/uploads\/2025\/01\/cropped-cropped-J.M.Rodriguez-Ferrer-e-Hijo-logo-1.jpg","contentUrl":"https:\/\/www.jmrodriguez.org\/wp-content\/uploads\/2025\/01\/cropped-cropped-J.M.Rodriguez-Ferrer-e-Hijo-logo-1.jpg","width":431,"height":70,"caption":"jmrodriguez.org"},"image":{"@id":"https:\/\/www.jmrodriguez.org\/#\/schema\/logo\/image\/"}}]}},"_links":{"self":[{"href":"https:\/\/www.jmrodriguez.org\/en\/wp-json\/wp\/v2\/pages\/229","targetHints":{"allow":["GET"]}}],"collection":[{"href":"https:\/\/www.jmrodriguez.org\/en\/wp-json\/wp\/v2\/pages"}],"about":[{"href":"https:\/\/www.jmrodriguez.org\/en\/wp-json\/wp\/v2\/types\/page"}],"author":[{"embeddable":true,"href":"https:\/\/www.jmrodriguez.org\/en\/wp-json\/wp\/v2\/users\/1"}],"replies":[{"embeddable":true,"href":"https:\/\/www.jmrodriguez.org\/en\/wp-json\/wp\/v2\/comments?post=229"}],"version-history":[{"count":4,"href":"https:\/\/www.jmrodriguez.org\/en\/wp-json\/wp\/v2\/pages\/229\/revisions"}],"predecessor-version":[{"id":273,"href":"https:\/\/www.jmrodriguez.org\/en\/wp-json\/wp\/v2\/pages\/229\/revisions\/273"}],"wp:attachment":[{"href":"https:\/\/www.jmrodriguez.org\/en\/wp-json\/wp\/v2\/media?parent=229"}],"curies":[{"name":"wp","href":"https:\/\/api.w.org\/{rel}","templated":true}]}}