{"id":40,"date":"2025-01-26T17:47:23","date_gmt":"2025-01-26T16:47:23","guid":{"rendered":"https:\/\/www.jmrodriguez.org\/?page_id=40"},"modified":"2025-01-26T20:32:21","modified_gmt":"2025-01-26T19:32:21","slug":"inicio","status":"publish","type":"page","link":"https:\/\/www.jmrodriguez.org\/en\/","title":{"rendered":"Main"},"content":{"rendered":"<style id=\"wp_carousel_dynamic_css97\">#sp-wp-carousel-free-id-97 .wpcp-swiper-dots {margin: 40px 0px 0px 0px;}.wpcp-wrapper-97 .swiper-wrapper .swiper-slide-kenburn, .wpcp-wrapper-97 .swiper-wrapper, .wpcp-wrapper-97 .wpcpro-row{align-items: center;}#sp-wp-carousel-free-id-97 .wpcp-single-item {box-shadow: 0px 0px 0px 0px #dddddd;transition: all .3s;margin: 0px;}#sp-wp-carousel-free-id-97.swiper-flip .wpcp-single-item{margin: 0!important;}#sp-wp-carousel-free-id-97 .wpcp-single-item:hover {box-shadow: 0px 0px 0px 0px #dddddd;}#sp-wp-carousel-free-id-97.sp-wpcp-97 .wpcp-single-item {border: 1px solid #dddddd;}#sp-wp-carousel-free-id-97.sp-wpcp-97 .swiper-button-prev,#sp-wp-carousel-free-id-97.sp-wpcp-97 .swiper-button-next,#sp-wp-carousel-free-id-97.sp-wpcp-97 .swiper-button-prev:hover,#sp-wp-carousel-free-id-97.sp-wpcp-97 .swiper-button-next:hover {background: none;border: none;font-size: 30px;}#sp-wp-carousel-free-id-97.sp-wpcp-97 .swiper-button-prev i,#sp-wp-carousel-free-id-97.sp-wpcp-97 .swiper-button-next i {color: #aaa;}#sp-wp-carousel-free-id-97.sp-wpcp-97 .swiper-button-prev i:hover,#sp-wp-carousel-free-id-97.sp-wpcp-97 .swiper-button-next i:hover {color: #178087;}#sp-wp-carousel-free-id-97.sp-wpcp-97 .wpcp-swiper-dots .swiper-pagination-bullet {background-color: #cccccc;}#sp-wp-carousel-free-id-97.sp-wpcp-97 .wpcp-swiper-dots .swiper-pagination-bullet.swiper-pagination-bullet-active {background-color: #178087;} #sp-wp-carousel-free-id-97.sp-wpcp-97.wpcp-image-carousel .wpcp-single-item:hover img, #sp-wp-carousel-free-id-97.sp-wpcp-97.wpcp-post-carousel .wpcp-single-item:hover img, #sp-wp-carousel-free-id-97.sp-wpcp-97.wpcp-product-carousel .wpcp-single-item:hover img{-webkit-transform: scale(1.2);-moz-transform: scale(1.2);transform: scale(1.2);}#sp-wp-carousel-free-id-97 .wpcpro-row>[class*=\"wpcpro-col-\"] { padding: 0 10px; padding-bottom: 20px;} #sp-wp-carousel-free-id-97 .swiper-slide .single-item-fade:not(:last-child) { margin-right: 20px;}@media (min-width: 480px) { .wpcpro-row .wpcpro-col-sm-1 { flex: 0 0 100%; max-width: 100%; } .wpcpro-row .wpcpro-col-sm-2 { flex: 0 0 50%; max-width: 50%; } .wpcpro-row .wpcpro-col-sm-2-5 { flex: 0 0 75%; max-width: 75%; } .wpcpro-row .wpcpro-col-sm-3 { flex: 0 0 33.333%; max-width: 33.333%; } .wpcpro-row .wpcpro-col-sm-4 { flex: 0 0 25%; max-width: 25%; } .wpcpro-row .wpcpro-col-sm-5 { flex: 0 0 20%; max-width: 20%; } .wpcpro-row .wpcpro-col-sm-6 { flex: 0 0 16.66666666666667%; max-width: 16.66666666666667%; } .wpcpro-row .wpcpro-col-sm-7 { flex: 0 0 14.28571428%; max-width: 14.28571428%; } .wpcpro-row .wpcpro-col-sm-8 { flex: 0 0 12.5%; max-width: 12.5%; } } @media (max-width: 480px) { .wpcpro-row .wpcpro-col-xs-1 { flex: 0 0 100%; max-width: 100%; } .wpcpro-row .wpcpro-col-xs-2 { flex: 0 0 50%; max-width: 50%; } .wpcpro-row .wpcpro-col-xs-3 { flex: 0 0 33.222%; max-width: 33.222%; } .wpcpro-row .wpcpro-col-xs-4 { flex: 0 0 25%; max-width: 25%; } .wpcpro-row .wpcpro-col-xs-5 { flex: 0 0 20%; max-width: 20%; } .wpcpro-row .wpcpro-col-xs-6 { flex: 0 0 16.6667%; max-width: 16.6667%; } .wpcpro-row .wpcpro-col-xs-7 { flex: 0 0 14.28571428%; max-width: 14.28571428%; } .wpcpro-row .wpcpro-col-xs-8 { flex: 0 0 12.5%; max-width: 12.5%; } } @media (min-width: 736px) { .wpcpro-row .wpcpro-col-md-1 { flex: 0 0 100%; max-width: 100%; } .wpcpro-row .wpcpro-col-md-2 { flex: 0 0 50%; max-width: 50%; } .wpcpro-row .wpcpro-col-md-2-5 { flex: 0 0 75%; max-width: 75%; } .wpcpro-row .wpcpro-col-md-3 { flex: 0 0 33.333%; max-width: 33.333%; } .wpcpro-row .wpcpro-col-md-4 { flex: 0 0 25%; max-width: 25%; } .wpcpro-row .wpcpro-col-md-5 { flex: 0 0 20%; max-width: 20%; } .wpcpro-row .wpcpro-col-md-6 { flex: 0 0 16.66666666666667%; max-width: 16.66666666666667%; } .wpcpro-row .wpcpro-col-md-7 { flex: 0 0 14.28571428%; max-width: 14.28571428%; } .wpcpro-row .wpcpro-col-md-8 { flex: 0 0 12.5%; max-width: 12.5%; } } @media (min-width: 980px) { .wpcpro-row .wpcpro-col-lg-1 { flex: 0 0 100%; max-width: 100%; } .wpcpro-row .wpcpro-col-lg-2 { flex: 0 0 50%; max-width: 50%; } .wpcpro-row .wpcpro-col-lg-3 { flex: 0 0 33.222%; max-width: 33.222%; } .wpcpro-row .wpcpro-col-lg-4 { flex: 0 0 25%; max-width: 25%; } .wpcpro-row .wpcpro-col-lg-5 { flex: 0 0 20%; max-width: 20%; } .wpcpro-row .wpcpro-col-lg-6 { flex: 0 0 16.6667%; max-width: 16.6667%; } .wpcpro-row .wpcpro-col-lg-7 { flex: 0 0 14.28571428%; max-width: 14.28571428%; } .wpcpro-row .wpcpro-col-lg-8 { flex: 0 0 12.5%; max-width: 12.5%; } } @media (min-width: 1200px) { .wpcpro-row .wpcpro-col-xl-1 { flex: 0 0 100%; max-width: 100%; } .wpcpro-row .wpcpro-col-xl-2 { flex: 0 0 50%; max-width: 50%; } .wpcpro-row .wpcpro-col-xl-3 { flex: 0 0 33.22222222%; max-width: 33.22222222%; } .wpcpro-row .wpcpro-col-xl-4 { flex: 0 0 25%; max-width: 25%; } .wpcpro-row .wpcpro-col-xl-5 { flex: 0 0 20%; max-width: 20%; } .wpcpro-row .wpcpro-col-xl-6 { flex: 0 0 16.66667%; max-width: 16.66667%; } .wpcpro-row .wpcpro-col-xl-7 { flex: 0 0 14.28571428%; max-width: 14.28571428%; } .wpcpro-row .wpcpro-col-xl-8 { flex: 0 0 12.5%; max-width: 12.5%; } }<\/style><div class=\"wpcp-carousel-wrapper wpcp-wrapper-97\">\n\t<div id=\"wpcp-preloader-97\" class=\"wpcp-carousel-preloader\"><img decoding=\"async\" src=\"https:\/\/www.jmrodriguez.org\/wp-content\/plugins\/wp-carousel-free\/public\/css\/spinner.svg\" alt=\"Preloader Image\" \/><\/div>\t<div class=\"wpcp-carousel-content-wrapper\">\n\t<div id=\"sp-wp-carousel-free-id-97\" class=\"wpcp-carousel-section sp-wpcp-97  nav-vertical-center wpcp-image-carousel wpcp-preloader wpcp-standard\" data-swiper='{ &quot;accessibility&quot;:true, &quot;spaceBetween&quot;:20, &quot;arrows&quot;:true, &quot;freeMode&quot;: false, &quot;autoplay&quot;:true, &quot;effect&quot;: &quot;&quot;, &quot;centerMode&quot;: false, &quot;autoplaySpeed&quot;:3000, &quot;dots&quot;:true, &quot;infinite&quot;:true, &quot;speed&quot;:600, &quot;pauseOnHover&quot;:true,\t\t\t&quot;slidesToShow&quot;:{&quot;lg_desktop&quot;:5, &quot;desktop&quot;: 4, &quot;laptop&quot;: 3, &quot;tablet&quot;: 2, &quot;mobile&quot;: 1}, &quot;responsive&quot;:{&quot;desktop&quot;:1200, &quot;laptop&quot;: 980, &quot;tablet&quot;: 736, &quot;mobile&quot;: 480}, &quot;rtl&quot;:false, &quot;lazyLoad&quot;: &quot;false&quot;, &quot;swipe&quot;: true, &quot;draggable&quot;: true, &quot;swipeToSlide&quot;:false }' dir=\"ltr\">\n\t\t<div class=\"swiper-wrapper\">\n\t\t<div class=\"swiper-slide\">\n\t<div class=\"wpcp-single-item\">\n\t\t\t<a class=\"wcp-light-box\" data-buttons='[\"close\"]' data-wpc_url='https:\/\/www.jmrodriguez.org\/wp-content\/uploads\/2025\/01\/Teak-Lumber-5-e1725456160499.jpg' href=\"https:\/\/www.jmrodriguez.org\/wp-content\/uploads\/2025\/01\/Teak-Lumber-5-e1725456160499.jpg\" data-fancybox=\"wpcp_view\">\n\t\t<figure>\n\t\t\t<img loading=\"lazy\" decoding=\"async\" class=\"skip-lazy\" src=\"https:\/\/www.jmrodriguez.org\/wp-content\/uploads\/2025\/01\/Teak-Lumber-5-e1725456160499.jpg\" alt=\"\" width=\"800\" height=\"602\">\t\t<\/figure>\n\t<\/a>\n\t\t<\/div>\n<\/div>\n\t<div class=\"swiper-slide\">\n\t<div class=\"wpcp-single-item\">\n\t\t\t<a class=\"wcp-light-box\" data-buttons='[\"close\"]' data-wpc_url='https:\/\/www.jmrodriguez.org\/wp-content\/uploads\/2025\/01\/Iroko-Angola-2-e1725455406657.jpg' href=\"https:\/\/www.jmrodriguez.org\/wp-content\/uploads\/2025\/01\/Iroko-Angola-2-e1725455406657.jpg\" data-fancybox=\"wpcp_view\">\n\t\t<figure>\n\t\t\t<img loading=\"lazy\" decoding=\"async\" class=\"skip-lazy\" src=\"https:\/\/www.jmrodriguez.org\/wp-content\/uploads\/2025\/01\/Iroko-Angola-2-e1725455406657.jpg\" alt=\"\" width=\"800\" height=\"600\">\t\t<\/figure>\n\t<\/a>\n\t\t<\/div>\n<\/div>\n\t<div class=\"swiper-slide\">\n\t<div class=\"wpcp-single-item\">\n\t\t\t<a class=\"wcp-light-box\" data-buttons='[\"close\"]' data-wpc_url='https:\/\/www.jmrodriguez.org\/wp-content\/uploads\/2025\/01\/IMG_2572-scaled-e1725455263287.jpg' href=\"https:\/\/www.jmrodriguez.org\/wp-content\/uploads\/2025\/01\/IMG_2572-scaled-e1725455263287.jpg\" data-fancybox=\"wpcp_view\">\n\t\t<figure>\n\t\t\t<img loading=\"lazy\" decoding=\"async\" class=\"skip-lazy\" src=\"https:\/\/www.jmrodriguez.org\/wp-content\/uploads\/2025\/01\/IMG_2572-scaled-e1725455263287.jpg\" alt=\"\" width=\"802\" height=\"601\">\t\t<\/figure>\n\t<\/a>\n\t\t<\/div>\n<\/div>\n\t<div class=\"swiper-slide\">\n\t<div class=\"wpcp-single-item\">\n\t\t\t<a class=\"wcp-light-box\" data-buttons='[\"close\"]' data-wpc_url='https:\/\/www.jmrodriguez.org\/wp-content\/uploads\/2025\/01\/Haya-Beechwood.jpg' href=\"https:\/\/www.jmrodriguez.org\/wp-content\/uploads\/2025\/01\/Haya-Beechwood.jpg\" data-fancybox=\"wpcp_view\">\n\t\t<figure>\n\t\t\t<img loading=\"lazy\" decoding=\"async\" class=\"skip-lazy\" src=\"https:\/\/www.jmrodriguez.org\/wp-content\/uploads\/2025\/01\/Haya-Beechwood.jpg\" alt=\"\" width=\"800\" height=\"600\">\t\t<\/figure>\n\t<\/a>\n\t\t<\/div>\n<\/div>\n\t<div class=\"swiper-slide\">\n\t<div class=\"wpcp-single-item\">\n\t\t\t<a class=\"wcp-light-box\" data-buttons='[\"close\"]' data-wpc_url='https:\/\/www.jmrodriguez.org\/wp-content\/uploads\/2025\/01\/20170905_075716-scaled-e1725455388753.jpg' href=\"https:\/\/www.jmrodriguez.org\/wp-content\/uploads\/2025\/01\/20170905_075716-scaled-e1725455388753.jpg\" data-fancybox=\"wpcp_view\">\n\t\t<figure>\n\t\t\t<img loading=\"lazy\" decoding=\"async\" class=\"skip-lazy\" src=\"https:\/\/www.jmrodriguez.org\/wp-content\/uploads\/2025\/01\/20170905_075716-scaled-e1725455388753.jpg\" alt=\"\" width=\"802\" height=\"601\">\t\t<\/figure>\n\t<\/a>\n\t\t<\/div>\n<\/div>\n\t<div class=\"swiper-slide\">\n\t<div class=\"wpcp-single-item\">\n\t\t\t<a class=\"wcp-light-box\" data-buttons='[\"close\"]' data-wpc_url='https:\/\/www.jmrodriguez.org\/wp-content\/uploads\/2025\/01\/1-scaled-e1725455838192.jpg' href=\"https:\/\/www.jmrodriguez.org\/wp-content\/uploads\/2025\/01\/1-scaled-e1725455838192.jpg\" data-fancybox=\"wpcp_view\">\n\t\t<figure>\n\t\t\t<img loading=\"lazy\" decoding=\"async\" class=\"skip-lazy\" src=\"https:\/\/www.jmrodriguez.org\/wp-content\/uploads\/2025\/01\/1-scaled-e1725455838192.jpg\" alt=\"\" width=\"802\" height=\"601\">\t\t<\/figure>\n\t<\/a>\n\t\t<\/div>\n<\/div>\n\t<div class=\"swiper-slide\">\n\t<div class=\"wpcp-single-item\">\n\t\t\t<a class=\"wcp-light-box\" data-buttons='[\"close\"]' data-wpc_url='https:\/\/www.jmrodriguez.org\/wp-content\/uploads\/2025\/01\/1-1-e1725456004936.jpg' href=\"https:\/\/www.jmrodriguez.org\/wp-content\/uploads\/2025\/01\/1-1-e1725456004936.jpg\" data-fancybox=\"wpcp_view\">\n\t\t<figure>\n\t\t\t<img loading=\"lazy\" decoding=\"async\" class=\"skip-lazy\" src=\"https:\/\/www.jmrodriguez.org\/wp-content\/uploads\/2025\/01\/1-1-e1725456004936.jpg\" alt=\"\" width=\"800\" height=\"597\">\t\t<\/figure>\n\t<\/a>\n\t\t<\/div>\n<\/div>\n\t\t\t<\/div>\n\t\t\t\t\t<div class=\"wpcp-swiper-dots swiper-pagination\"><\/div>\n\t\t\t\t<!-- If we need navigation buttons -->\n\t\t\t\t\t<div class=\"wpcp-prev-button swiper-button-prev\"><i class=\"fa fa-angle-left\"><\/i><\/div>\n\t\t\t<div class=\"wpcp-next-button swiper-button-next\"><i class=\"fa fa-angle-right\"><\/i><\/div>\n\t\t\t<\/div>\n\t<\/div>\n<\/div>\n\n<p>&nbsp;<\/p>\n<p style=\"text-align: center;\">Timber imports are a key activity within the international trade of natural resources and play a fundamental role in the forestry industry, construction, furniture manufacturing, and paper production. This trade involves the acquisition of different types of wood from producing regions to markets that, for various reasons, lack sufficient forest resources or require specific types of wood that are not locally available.<\/p>\n<p style=\"text-align: center;\">Globalization and the growing demand for sustainable materials have driven the commercialization of both softwoods, such as pine and fir, and hardwoods, including mahogany, oak, and ebony. The main timber-exporting regions include Latin America, Southeast Asia, and parts of Africa, while the major importers are countries with developed industries such as the United States, China, and Europe.<\/p>\n<p>&nbsp;<\/p>","protected":false},"excerpt":{"rendered":"<p>&nbsp; Las importaciones de maderas son una actividad clave dentro del comercio internacional de recursos naturales, y desempe\u00f1an un papel fundamental en la industria forestal, la construcci\u00f3n, la fabricaci\u00f3n de muebles y la producci\u00f3n de papel. Este comercio implica la adquisici\u00f3n de diferentes tipos de maderas desde regiones productoras hacia mercados que, por diversas razones, [&hellip;]<\/p>","protected":false},"author":1,"featured_media":0,"parent":0,"menu_order":0,"comment_status":"closed","ping_status":"closed","template":"","meta":{"footnotes":""},"class_list":["post-40","page","type-page","status-publish","hentry"],"yoast_head":"<!-- This site is optimized with the Yoast SEO plugin v24.3 - https:\/\/yoast.com\/wordpress\/plugins\/seo\/ -->\n<title>Inicio - jmrodriguez.org<\/title>\n<meta name=\"robots\" content=\"index, follow, max-snippet:-1, max-image-preview:large, max-video-preview:-1\" \/>\n<link rel=\"canonical\" href=\"https:\/\/www.jmrodriguez.org\/en\/\" \/>\n<meta property=\"og:locale\" content=\"en_US\" \/>\n<meta property=\"og:type\" content=\"article\" \/>\n<meta property=\"og:title\" content=\"Inicio - jmrodriguez.org\" \/>\n<meta property=\"og:description\" content=\"&nbsp; Las importaciones de maderas son una actividad clave dentro del comercio internacional de recursos naturales, y desempe\u00f1an un papel fundamental en la industria forestal, la construcci\u00f3n, la fabricaci\u00f3n de muebles y la producci\u00f3n de papel. Este comercio implica la adquisici\u00f3n de diferentes tipos de maderas desde regiones productoras hacia mercados que, por diversas razones, [&hellip;]\" \/>\n<meta property=\"og:url\" content=\"https:\/\/www.jmrodriguez.org\/en\/\" \/>\n<meta property=\"og:site_name\" content=\"jmrodriguez.org\" \/>\n<meta property=\"article:modified_time\" content=\"2025-01-26T19:32:21+00:00\" \/>\n<meta name=\"twitter:card\" content=\"summary_large_image\" \/>\n<meta name=\"twitter:label1\" content=\"Est. reading time\" \/>\n\t<meta name=\"twitter:data1\" content=\"1 minute\" \/>\n<script type=\"application\/ld+json\" class=\"yoast-schema-graph\">{\"@context\":\"https:\/\/schema.org\",\"@graph\":[{\"@type\":\"WebPage\",\"@id\":\"https:\/\/www.jmrodriguez.org\/\",\"url\":\"https:\/\/www.jmrodriguez.org\/\",\"name\":\"Inicio - jmrodriguez.org\",\"isPartOf\":{\"@id\":\"https:\/\/www.jmrodriguez.org\/#website\"},\"datePublished\":\"2025-01-26T16:47:23+00:00\",\"dateModified\":\"2025-01-26T19:32:21+00:00\",\"breadcrumb\":{\"@id\":\"https:\/\/www.jmrodriguez.org\/#breadcrumb\"},\"inLanguage\":\"en-US\",\"potentialAction\":[{\"@type\":\"ReadAction\",\"target\":[\"https:\/\/www.jmrodriguez.org\/\"]}]},{\"@type\":\"BreadcrumbList\",\"@id\":\"https:\/\/www.jmrodriguez.org\/#breadcrumb\",\"itemListElement\":[{\"@type\":\"ListItem\",\"position\":1,\"name\":\"Portada\",\"item\":\"https:\/\/www.jmrodriguez.org\/\"},{\"@type\":\"ListItem\",\"position\":2,\"name\":\"Inicio\"}]},{\"@type\":\"WebSite\",\"@id\":\"https:\/\/www.jmrodriguez.org\/#website\",\"url\":\"https:\/\/www.jmrodriguez.org\/\",\"name\":\"jmrodriguez.org\",\"description\":\"\",\"publisher\":{\"@id\":\"https:\/\/www.jmrodriguez.org\/#organization\"},\"potentialAction\":[{\"@type\":\"SearchAction\",\"target\":{\"@type\":\"EntryPoint\",\"urlTemplate\":\"https:\/\/www.jmrodriguez.org\/?s={search_term_string}\"},\"query-input\":{\"@type\":\"PropertyValueSpecification\",\"valueRequired\":true,\"valueName\":\"search_term_string\"}}],\"inLanguage\":\"en-US\"},{\"@type\":\"Organization\",\"@id\":\"https:\/\/www.jmrodriguez.org\/#organization\",\"name\":\"jmrodriguez.org\",\"url\":\"https:\/\/www.jmrodriguez.org\/\",\"logo\":{\"@type\":\"ImageObject\",\"inLanguage\":\"en-US\",\"@id\":\"https:\/\/www.jmrodriguez.org\/#\/schema\/logo\/image\/\",\"url\":\"https:\/\/www.jmrodriguez.org\/wp-content\/uploads\/2025\/01\/cropped-cropped-J.M.Rodriguez-Ferrer-e-Hijo-logo-1.jpg\",\"contentUrl\":\"https:\/\/www.jmrodriguez.org\/wp-content\/uploads\/2025\/01\/cropped-cropped-J.M.Rodriguez-Ferrer-e-Hijo-logo-1.jpg\",\"width\":431,\"height\":70,\"caption\":\"jmrodriguez.org\"},\"image\":{\"@id\":\"https:\/\/www.jmrodriguez.org\/#\/schema\/logo\/image\/\"}}]}<\/script>\n<!-- \/ Yoast SEO plugin. -->","yoast_head_json":{"title":"Inicio - jmrodriguez.org","robots":{"index":"index","follow":"follow","max-snippet":"max-snippet:-1","max-image-preview":"max-image-preview:large","max-video-preview":"max-video-preview:-1"},"canonical":"https:\/\/www.jmrodriguez.org\/en\/","og_locale":"en_US","og_type":"article","og_title":"Inicio - jmrodriguez.org","og_description":"&nbsp; Las importaciones de maderas son una actividad clave dentro del comercio internacional de recursos naturales, y desempe\u00f1an un papel fundamental en la industria forestal, la construcci\u00f3n, la fabricaci\u00f3n de muebles y la producci\u00f3n de papel. Este comercio implica la adquisici\u00f3n de diferentes tipos de maderas desde regiones productoras hacia mercados que, por diversas razones, [&hellip;]","og_url":"https:\/\/www.jmrodriguez.org\/en\/","og_site_name":"jmrodriguez.org","article_modified_time":"2025-01-26T19:32:21+00:00","twitter_card":"summary_large_image","twitter_misc":{"Est. reading time":"1 minute"},"schema":{"@context":"https:\/\/schema.org","@graph":[{"@type":"WebPage","@id":"https:\/\/www.jmrodriguez.org\/","url":"https:\/\/www.jmrodriguez.org\/","name":"Inicio - jmrodriguez.org","isPartOf":{"@id":"https:\/\/www.jmrodriguez.org\/#website"},"datePublished":"2025-01-26T16:47:23+00:00","dateModified":"2025-01-26T19:32:21+00:00","breadcrumb":{"@id":"https:\/\/www.jmrodriguez.org\/#breadcrumb"},"inLanguage":"en-US","potentialAction":[{"@type":"ReadAction","target":["https:\/\/www.jmrodriguez.org\/"]}]},{"@type":"BreadcrumbList","@id":"https:\/\/www.jmrodriguez.org\/#breadcrumb","itemListElement":[{"@type":"ListItem","position":1,"name":"Portada","item":"https:\/\/www.jmrodriguez.org\/"},{"@type":"ListItem","position":2,"name":"Inicio"}]},{"@type":"WebSite","@id":"https:\/\/www.jmrodriguez.org\/#website","url":"https:\/\/www.jmrodriguez.org\/","name":"jmrodriguez.org","description":"","publisher":{"@id":"https:\/\/www.jmrodriguez.org\/#organization"},"potentialAction":[{"@type":"SearchAction","target":{"@type":"EntryPoint","urlTemplate":"https:\/\/www.jmrodriguez.org\/?s={search_term_string}"},"query-input":{"@type":"PropertyValueSpecification","valueRequired":true,"valueName":"search_term_string"}}],"inLanguage":"en-US"},{"@type":"Organization","@id":"https:\/\/www.jmrodriguez.org\/#organization","name":"jmrodriguez.org","url":"https:\/\/www.jmrodriguez.org\/","logo":{"@type":"ImageObject","inLanguage":"en-US","@id":"https:\/\/www.jmrodriguez.org\/#\/schema\/logo\/image\/","url":"https:\/\/www.jmrodriguez.org\/wp-content\/uploads\/2025\/01\/cropped-cropped-J.M.Rodriguez-Ferrer-e-Hijo-logo-1.jpg","contentUrl":"https:\/\/www.jmrodriguez.org\/wp-content\/uploads\/2025\/01\/cropped-cropped-J.M.Rodriguez-Ferrer-e-Hijo-logo-1.jpg","width":431,"height":70,"caption":"jmrodriguez.org"},"image":{"@id":"https:\/\/www.jmrodriguez.org\/#\/schema\/logo\/image\/"}}]}},"_links":{"self":[{"href":"https:\/\/www.jmrodriguez.org\/en\/wp-json\/wp\/v2\/pages\/40","targetHints":{"allow":["GET"]}}],"collection":[{"href":"https:\/\/www.jmrodriguez.org\/en\/wp-json\/wp\/v2\/pages"}],"about":[{"href":"https:\/\/www.jmrodriguez.org\/en\/wp-json\/wp\/v2\/types\/page"}],"author":[{"embeddable":true,"href":"https:\/\/www.jmrodriguez.org\/en\/wp-json\/wp\/v2\/users\/1"}],"replies":[{"embeddable":true,"href":"https:\/\/www.jmrodriguez.org\/en\/wp-json\/wp\/v2\/comments?post=40"}],"version-history":[{"count":4,"href":"https:\/\/www.jmrodriguez.org\/en\/wp-json\/wp\/v2\/pages\/40\/revisions"}],"predecessor-version":[{"id":147,"href":"https:\/\/www.jmrodriguez.org\/en\/wp-json\/wp\/v2\/pages\/40\/revisions\/147"}],"wp:attachment":[{"href":"https:\/\/www.jmrodriguez.org\/en\/wp-json\/wp\/v2\/media?parent=40"}],"curies":[{"name":"wp","href":"https:\/\/api.w.org\/{rel}","templated":true}]}}